{"id":627,"date":"2020-04-26T17:52:54","date_gmt":"2020-04-26T15:52:54","guid":{"rendered":"https:\/\/ardeos.be\/?page_id=627"},"modified":"2020-04-30T12:54:56","modified_gmt":"2020-04-30T10:54:56","slug":"vastgoedproject","status":"publish","type":"page","link":"https:\/\/ardeos.be\/nl\/conseil\/vastgoedproject\/","title":{"rendered":"Vastgoedproject"},"content":{"rendered":"","protected":false},"excerpt":{"rendered":"","protected":false},"author":1,"featured_media":346,"parent":692,"menu_order":1,"comment_status":"closed","ping_status":"closed","template":"page-mere.php","meta":{"_acf_changed":false,"footnotes":""},"class_list":["post-627","page","type-page","status-publish","has-post-thumbnail","hentry"],"acf":[],"yoast_head":"<!-- This site is optimized with the Yoast SEO plugin v26.8 - https:\/\/yoast.com\/product\/yoast-seo-wordpress\/ -->\n<title>Vastgoedproject - Ardeos - Courtier ind\u00e9pendant sp\u00e9cialis\u00e9 dans le conseil aux prestataires de soins et aux dirigeants d&#039;entreprises<\/title>\n<meta name=\"robots\" content=\"index, follow, max-snippet:-1, max-image-preview:large, max-video-preview:-1\" \/>\n<link rel=\"canonical\" href=\"https:\/\/ardeos.be\/nl\/conseil\/vastgoedproject\/\" \/>\n<meta property=\"og:locale\" content=\"nl_NL\" \/>\n<meta property=\"og:type\" content=\"article\" \/>\n<meta property=\"og:title\" content=\"Vastgoedproject - Ardeos - Courtier ind\u00e9pendant sp\u00e9cialis\u00e9 dans le conseil aux prestataires de soins et aux dirigeants d&#039;entreprises\" \/>\n<meta property=\"og:url\" content=\"https:\/\/ardeos.be\/nl\/conseil\/vastgoedproject\/\" \/>\n<meta property=\"og:site_name\" content=\"Ardeos - Courtier ind\u00e9pendant sp\u00e9cialis\u00e9 dans le conseil aux prestataires de soins et aux dirigeants d&#039;entreprises\" \/>\n<meta property=\"article:modified_time\" content=\"2020-04-30T10:54:56+00:00\" \/>\n<meta property=\"og:image\" content=\"https:\/\/ardeos.be\/wp-content\/uploads\/2020\/03\/immo.jpg\" \/>\n\t<meta property=\"og:image:width\" content=\"2500\" \/>\n\t<meta property=\"og:image:height\" content=\"947\" \/>\n\t<meta property=\"og:image:type\" content=\"image\/jpeg\" \/>\n<meta name=\"twitter:card\" content=\"summary_large_image\" \/>\n<script type=\"application\/ld+json\" class=\"yoast-schema-graph\">{\"@context\":\"https:\/\/schema.org\",\"@graph\":[{\"@type\":\"WebPage\",\"@id\":\"https:\/\/ardeos.be\/nl\/conseil\/vastgoedproject\/\",\"url\":\"https:\/\/ardeos.be\/nl\/conseil\/vastgoedproject\/\",\"name\":\"Vastgoedproject - Ardeos - Courtier ind\u00e9pendant sp\u00e9cialis\u00e9 dans le conseil aux prestataires de soins et aux dirigeants d&#039;entreprises\",\"isPartOf\":{\"@id\":\"https:\/\/ardeos.be\/nl\/#website\"},\"primaryImageOfPage\":{\"@id\":\"https:\/\/ardeos.be\/nl\/conseil\/vastgoedproject\/#primaryimage\"},\"image\":{\"@id\":\"https:\/\/ardeos.be\/nl\/conseil\/vastgoedproject\/#primaryimage\"},\"thumbnailUrl\":\"https:\/\/ardeos.be\/wp-content\/uploads\/2020\/03\/immo.jpg\",\"datePublished\":\"2020-04-26T15:52:54+00:00\",\"dateModified\":\"2020-04-30T10:54:56+00:00\",\"breadcrumb\":{\"@id\":\"https:\/\/ardeos.be\/nl\/conseil\/vastgoedproject\/#breadcrumb\"},\"inLanguage\":\"nl-NL\",\"potentialAction\":[{\"@type\":\"ReadAction\",\"target\":[\"https:\/\/ardeos.be\/nl\/conseil\/vastgoedproject\/\"]}]},{\"@type\":\"ImageObject\",\"inLanguage\":\"nl-NL\",\"@id\":\"https:\/\/ardeos.be\/nl\/conseil\/vastgoedproject\/#primaryimage\",\"url\":\"https:\/\/ardeos.be\/wp-content\/uploads\/2020\/03\/immo.jpg\",\"contentUrl\":\"https:\/\/ardeos.be\/wp-content\/uploads\/2020\/03\/immo.jpg\",\"width\":2500,\"height\":947},{\"@type\":\"BreadcrumbList\",\"@id\":\"https:\/\/ardeos.be\/nl\/conseil\/vastgoedproject\/#breadcrumb\",\"itemListElement\":[{\"@type\":\"ListItem\",\"position\":1,\"name\":\"Accueil\",\"item\":\"https:\/\/ardeos.be\/nl\/\"},{\"@type\":\"ListItem\",\"position\":2,\"name\":\"Advies\",\"item\":\"https:\/\/ardeos.be\/nl\/conseil\/\"},{\"@type\":\"ListItem\",\"position\":3,\"name\":\"Vastgoedproject\"}]},{\"@type\":\"WebSite\",\"@id\":\"https:\/\/ardeos.be\/nl\/#website\",\"url\":\"https:\/\/ardeos.be\/nl\/\",\"name\":\"Ardeos - Courtier ind\u00e9pendant sp\u00e9cialis\u00e9 dans le conseil aux prestataires de soins et aux dirigeants d&#039;entreprises\",\"description\":\"Courtier ind\u00e9pendant sp\u00e9cialis\u00e9 dans le conseil aux prestataires de soins et aux dirigeants d\u2019entreprise.\",\"potentialAction\":[{\"@type\":\"SearchAction\",\"target\":{\"@type\":\"EntryPoint\",\"urlTemplate\":\"https:\/\/ardeos.be\/nl\/?s={search_term_string}\"},\"query-input\":{\"@type\":\"PropertyValueSpecification\",\"valueRequired\":true,\"valueName\":\"search_term_string\"}}],\"inLanguage\":\"nl-NL\"}]}<\/script>\n<!-- \/ Yoast SEO plugin. -->","yoast_head_json":{"title":"Vastgoedproject - Ardeos - Courtier ind\u00e9pendant sp\u00e9cialis\u00e9 dans le conseil aux prestataires de soins et aux dirigeants d&#039;entreprises","robots":{"index":"index","follow":"follow","max-snippet":"max-snippet:-1","max-image-preview":"max-image-preview:large","max-video-preview":"max-video-preview:-1"},"canonical":"https:\/\/ardeos.be\/nl\/conseil\/vastgoedproject\/","og_locale":"nl_NL","og_type":"article","og_title":"Vastgoedproject - Ardeos - Courtier ind\u00e9pendant sp\u00e9cialis\u00e9 dans le conseil aux prestataires de soins et aux dirigeants d&#039;entreprises","og_url":"https:\/\/ardeos.be\/nl\/conseil\/vastgoedproject\/","og_site_name":"Ardeos - Courtier ind\u00e9pendant sp\u00e9cialis\u00e9 dans le conseil aux prestataires de soins et aux dirigeants d&#039;entreprises","article_modified_time":"2020-04-30T10:54:56+00:00","og_image":[{"width":2500,"height":947,"url":"https:\/\/ardeos.be\/wp-content\/uploads\/2020\/03\/immo.jpg","type":"image\/jpeg"}],"twitter_card":"summary_large_image","schema":{"@context":"https:\/\/schema.org","@graph":[{"@type":"WebPage","@id":"https:\/\/ardeos.be\/nl\/conseil\/vastgoedproject\/","url":"https:\/\/ardeos.be\/nl\/conseil\/vastgoedproject\/","name":"Vastgoedproject - Ardeos - Courtier ind\u00e9pendant sp\u00e9cialis\u00e9 dans le conseil aux prestataires de soins et aux dirigeants d&#039;entreprises","isPartOf":{"@id":"https:\/\/ardeos.be\/nl\/#website"},"primaryImageOfPage":{"@id":"https:\/\/ardeos.be\/nl\/conseil\/vastgoedproject\/#primaryimage"},"image":{"@id":"https:\/\/ardeos.be\/nl\/conseil\/vastgoedproject\/#primaryimage"},"thumbnailUrl":"https:\/\/ardeos.be\/wp-content\/uploads\/2020\/03\/immo.jpg","datePublished":"2020-04-26T15:52:54+00:00","dateModified":"2020-04-30T10:54:56+00:00","breadcrumb":{"@id":"https:\/\/ardeos.be\/nl\/conseil\/vastgoedproject\/#breadcrumb"},"inLanguage":"nl-NL","potentialAction":[{"@type":"ReadAction","target":["https:\/\/ardeos.be\/nl\/conseil\/vastgoedproject\/"]}]},{"@type":"ImageObject","inLanguage":"nl-NL","@id":"https:\/\/ardeos.be\/nl\/conseil\/vastgoedproject\/#primaryimage","url":"https:\/\/ardeos.be\/wp-content\/uploads\/2020\/03\/immo.jpg","contentUrl":"https:\/\/ardeos.be\/wp-content\/uploads\/2020\/03\/immo.jpg","width":2500,"height":947},{"@type":"BreadcrumbList","@id":"https:\/\/ardeos.be\/nl\/conseil\/vastgoedproject\/#breadcrumb","itemListElement":[{"@type":"ListItem","position":1,"name":"Accueil","item":"https:\/\/ardeos.be\/nl\/"},{"@type":"ListItem","position":2,"name":"Advies","item":"https:\/\/ardeos.be\/nl\/conseil\/"},{"@type":"ListItem","position":3,"name":"Vastgoedproject"}]},{"@type":"WebSite","@id":"https:\/\/ardeos.be\/nl\/#website","url":"https:\/\/ardeos.be\/nl\/","name":"Ardeos - Courtier ind\u00e9pendant sp\u00e9cialis\u00e9 dans le conseil aux prestataires de soins et aux dirigeants d&#039;entreprises","description":"Courtier ind\u00e9pendant sp\u00e9cialis\u00e9 dans le conseil aux prestataires de soins et aux dirigeants d\u2019entreprise.","potentialAction":[{"@type":"SearchAction","target":{"@type":"EntryPoint","urlTemplate":"https:\/\/ardeos.be\/nl\/?s={search_term_string}"},"query-input":{"@type":"PropertyValueSpecification","valueRequired":true,"valueName":"search_term_string"}}],"inLanguage":"nl-NL"}]}},"_links":{"self":[{"href":"https:\/\/ardeos.be\/nl\/wp-json\/wp\/v2\/pages\/627","targetHints":{"allow":["GET"]}}],"collection":[{"href":"https:\/\/ardeos.be\/nl\/wp-json\/wp\/v2\/pages"}],"about":[{"href":"https:\/\/ardeos.be\/nl\/wp-json\/wp\/v2\/types\/page"}],"author":[{"embeddable":true,"href":"https:\/\/ardeos.be\/nl\/wp-json\/wp\/v2\/users\/1"}],"replies":[{"embeddable":true,"href":"https:\/\/ardeos.be\/nl\/wp-json\/wp\/v2\/comments?post=627"}],"version-history":[{"count":0,"href":"https:\/\/ardeos.be\/nl\/wp-json\/wp\/v2\/pages\/627\/revisions"}],"up":[{"embeddable":true,"href":"https:\/\/ardeos.be\/nl\/wp-json\/wp\/v2\/pages\/692"}],"wp:featuredmedia":[{"embeddable":true,"href":"https:\/\/ardeos.be\/nl\/wp-json\/wp\/v2\/media\/346"}],"wp:attachment":[{"href":"https:\/\/ardeos.be\/nl\/wp-json\/wp\/v2\/media?parent=627"}],"curies":[{"name":"wp","href":"https:\/\/api.w.org\/{rel}","templated":true}]}}