{"id":666,"date":"2020-03-09T16:56:59","date_gmt":"2020-03-09T15:56:59","guid":{"rendered":"https:\/\/ardeos.be\/investissement\/"},"modified":"2022-12-13T10:47:32","modified_gmt":"2022-12-13T09:47:32","slug":"investissement","status":"publish","type":"page","link":"https:\/\/ardeos.be\/nl\/investissement\/","title":{"rendered":"Investeren"},"content":{"rendered":"<p><em>Ardeos is uw partner voor uw beleggingen. Om uw patrimonium coherent te beheren in functie van uw profiel\u00a0 en behoeften\u00a0<\/em><\/p>\n<p>Ardeos is specialist in het beheer van uw vermogen en in veilige beleggingsproducten Tak 21 en ook Tak 23<\/p>\n","protected":false},"excerpt":{"rendered":"<p>Ardeos is uw partner voor uw beleggingen. Om uw patrimonium coherent te beheren in functie van uw profiel\u00a0 en behoeften\u00a0 Ardeos is specialist in het beheer van uw vermogen en in veilige beleggingsproducten Tak 21 en ook Tak 23<\/p>\n","protected":false},"author":1,"featured_media":555,"parent":0,"menu_order":0,"comment_status":"closed","ping_status":"closed","template":"page-mere.php","meta":{"_acf_changed":false,"footnotes":""},"class_list":["post-666","page","type-page","status-publish","has-post-thumbnail","hentry"],"acf":[],"yoast_head":"<!-- This site is optimized with the Yoast SEO plugin v26.8 - https:\/\/yoast.com\/product\/yoast-seo-wordpress\/ -->\n<title>Investeren - Ardeos - Courtier ind\u00e9pendant sp\u00e9cialis\u00e9 dans le conseil aux prestataires de soins et aux dirigeants d&#039;entreprises<\/title>\n<meta name=\"robots\" content=\"index, follow, max-snippet:-1, max-image-preview:large, max-video-preview:-1\" \/>\n<link rel=\"canonical\" href=\"https:\/\/ardeos.be\/nl\/investissement\/\" \/>\n<meta property=\"og:locale\" content=\"nl_NL\" \/>\n<meta property=\"og:type\" content=\"article\" \/>\n<meta property=\"og:title\" content=\"Investeren - Ardeos - Courtier ind\u00e9pendant sp\u00e9cialis\u00e9 dans le conseil aux prestataires de soins et aux dirigeants d&#039;entreprises\" \/>\n<meta property=\"og:description\" content=\"Ardeos is uw partner voor uw beleggingen. Om uw patrimonium coherent te beheren in functie van uw profiel\u00a0 en behoeften\u00a0 Ardeos is specialist in het beheer van uw vermogen en in veilige beleggingsproducten Tak 21 en ook Tak 23\" \/>\n<meta property=\"og:url\" content=\"https:\/\/ardeos.be\/nl\/investissement\/\" \/>\n<meta property=\"og:site_name\" content=\"Ardeos - Courtier ind\u00e9pendant sp\u00e9cialis\u00e9 dans le conseil aux prestataires de soins et aux dirigeants d&#039;entreprises\" \/>\n<meta property=\"article:modified_time\" content=\"2022-12-13T09:47:32+00:00\" \/>\n<meta property=\"og:image\" content=\"https:\/\/ardeos.be\/wp-content\/uploads\/2020\/04\/investissement.jpg\" \/>\n\t<meta property=\"og:image:width\" content=\"2000\" \/>\n\t<meta property=\"og:image:height\" content=\"1333\" \/>\n\t<meta property=\"og:image:type\" content=\"image\/jpeg\" \/>\n<meta name=\"twitter:card\" content=\"summary_large_image\" \/>\n<meta name=\"twitter:label1\" content=\"Geschatte leestijd\" \/>\n\t<meta name=\"twitter:data1\" content=\"1 minuut\" \/>\n<script type=\"application\/ld+json\" class=\"yoast-schema-graph\">{\"@context\":\"https:\/\/schema.org\",\"@graph\":[{\"@type\":\"WebPage\",\"@id\":\"https:\/\/ardeos.be\/nl\/investissement\/\",\"url\":\"https:\/\/ardeos.be\/nl\/investissement\/\",\"name\":\"Investeren - Ardeos - Courtier ind\u00e9pendant sp\u00e9cialis\u00e9 dans le conseil aux prestataires de soins et aux dirigeants d&#039;entreprises\",\"isPartOf\":{\"@id\":\"https:\/\/ardeos.be\/nl\/#website\"},\"primaryImageOfPage\":{\"@id\":\"https:\/\/ardeos.be\/nl\/investissement\/#primaryimage\"},\"image\":{\"@id\":\"https:\/\/ardeos.be\/nl\/investissement\/#primaryimage\"},\"thumbnailUrl\":\"https:\/\/ardeos.be\/wp-content\/uploads\/2020\/04\/investissement.jpg\",\"datePublished\":\"2020-03-09T15:56:59+00:00\",\"dateModified\":\"2022-12-13T09:47:32+00:00\",\"breadcrumb\":{\"@id\":\"https:\/\/ardeos.be\/nl\/investissement\/#breadcrumb\"},\"inLanguage\":\"nl-NL\",\"potentialAction\":[{\"@type\":\"ReadAction\",\"target\":[\"https:\/\/ardeos.be\/nl\/investissement\/\"]}]},{\"@type\":\"ImageObject\",\"inLanguage\":\"nl-NL\",\"@id\":\"https:\/\/ardeos.be\/nl\/investissement\/#primaryimage\",\"url\":\"https:\/\/ardeos.be\/wp-content\/uploads\/2020\/04\/investissement.jpg\",\"contentUrl\":\"https:\/\/ardeos.be\/wp-content\/uploads\/2020\/04\/investissement.jpg\",\"width\":2000,\"height\":1333},{\"@type\":\"BreadcrumbList\",\"@id\":\"https:\/\/ardeos.be\/nl\/investissement\/#breadcrumb\",\"itemListElement\":[{\"@type\":\"ListItem\",\"position\":1,\"name\":\"Accueil\",\"item\":\"https:\/\/ardeos.be\/nl\/\"},{\"@type\":\"ListItem\",\"position\":2,\"name\":\"Investeren\"}]},{\"@type\":\"WebSite\",\"@id\":\"https:\/\/ardeos.be\/nl\/#website\",\"url\":\"https:\/\/ardeos.be\/nl\/\",\"name\":\"Ardeos - Courtier ind\u00e9pendant sp\u00e9cialis\u00e9 dans le conseil aux prestataires de soins et aux dirigeants d&#039;entreprises\",\"description\":\"Courtier ind\u00e9pendant sp\u00e9cialis\u00e9 dans le conseil aux prestataires de soins et aux dirigeants d\u2019entreprise.\",\"potentialAction\":[{\"@type\":\"SearchAction\",\"target\":{\"@type\":\"EntryPoint\",\"urlTemplate\":\"https:\/\/ardeos.be\/nl\/?s={search_term_string}\"},\"query-input\":{\"@type\":\"PropertyValueSpecification\",\"valueRequired\":true,\"valueName\":\"search_term_string\"}}],\"inLanguage\":\"nl-NL\"}]}<\/script>\n<!-- \/ Yoast SEO plugin. -->","yoast_head_json":{"title":"Investeren - Ardeos - Courtier ind\u00e9pendant sp\u00e9cialis\u00e9 dans le conseil aux prestataires de soins et aux dirigeants d&#039;entreprises","robots":{"index":"index","follow":"follow","max-snippet":"max-snippet:-1","max-image-preview":"max-image-preview:large","max-video-preview":"max-video-preview:-1"},"canonical":"https:\/\/ardeos.be\/nl\/investissement\/","og_locale":"nl_NL","og_type":"article","og_title":"Investeren - Ardeos - Courtier ind\u00e9pendant sp\u00e9cialis\u00e9 dans le conseil aux prestataires de soins et aux dirigeants d&#039;entreprises","og_description":"Ardeos is uw partner voor uw beleggingen. Om uw patrimonium coherent te beheren in functie van uw profiel\u00a0 en behoeften\u00a0 Ardeos is specialist in het beheer van uw vermogen en in veilige beleggingsproducten Tak 21 en ook Tak 23","og_url":"https:\/\/ardeos.be\/nl\/investissement\/","og_site_name":"Ardeos - Courtier ind\u00e9pendant sp\u00e9cialis\u00e9 dans le conseil aux prestataires de soins et aux dirigeants d&#039;entreprises","article_modified_time":"2022-12-13T09:47:32+00:00","og_image":[{"width":2000,"height":1333,"url":"https:\/\/ardeos.be\/wp-content\/uploads\/2020\/04\/investissement.jpg","type":"image\/jpeg"}],"twitter_card":"summary_large_image","twitter_misc":{"Geschatte leestijd":"1 minuut"},"schema":{"@context":"https:\/\/schema.org","@graph":[{"@type":"WebPage","@id":"https:\/\/ardeos.be\/nl\/investissement\/","url":"https:\/\/ardeos.be\/nl\/investissement\/","name":"Investeren - Ardeos - Courtier ind\u00e9pendant sp\u00e9cialis\u00e9 dans le conseil aux prestataires de soins et aux dirigeants d&#039;entreprises","isPartOf":{"@id":"https:\/\/ardeos.be\/nl\/#website"},"primaryImageOfPage":{"@id":"https:\/\/ardeos.be\/nl\/investissement\/#primaryimage"},"image":{"@id":"https:\/\/ardeos.be\/nl\/investissement\/#primaryimage"},"thumbnailUrl":"https:\/\/ardeos.be\/wp-content\/uploads\/2020\/04\/investissement.jpg","datePublished":"2020-03-09T15:56:59+00:00","dateModified":"2022-12-13T09:47:32+00:00","breadcrumb":{"@id":"https:\/\/ardeos.be\/nl\/investissement\/#breadcrumb"},"inLanguage":"nl-NL","potentialAction":[{"@type":"ReadAction","target":["https:\/\/ardeos.be\/nl\/investissement\/"]}]},{"@type":"ImageObject","inLanguage":"nl-NL","@id":"https:\/\/ardeos.be\/nl\/investissement\/#primaryimage","url":"https:\/\/ardeos.be\/wp-content\/uploads\/2020\/04\/investissement.jpg","contentUrl":"https:\/\/ardeos.be\/wp-content\/uploads\/2020\/04\/investissement.jpg","width":2000,"height":1333},{"@type":"BreadcrumbList","@id":"https:\/\/ardeos.be\/nl\/investissement\/#breadcrumb","itemListElement":[{"@type":"ListItem","position":1,"name":"Accueil","item":"https:\/\/ardeos.be\/nl\/"},{"@type":"ListItem","position":2,"name":"Investeren"}]},{"@type":"WebSite","@id":"https:\/\/ardeos.be\/nl\/#website","url":"https:\/\/ardeos.be\/nl\/","name":"Ardeos - Courtier ind\u00e9pendant sp\u00e9cialis\u00e9 dans le conseil aux prestataires de soins et aux dirigeants d&#039;entreprises","description":"Courtier ind\u00e9pendant sp\u00e9cialis\u00e9 dans le conseil aux prestataires de soins et aux dirigeants d\u2019entreprise.","potentialAction":[{"@type":"SearchAction","target":{"@type":"EntryPoint","urlTemplate":"https:\/\/ardeos.be\/nl\/?s={search_term_string}"},"query-input":{"@type":"PropertyValueSpecification","valueRequired":true,"valueName":"search_term_string"}}],"inLanguage":"nl-NL"}]}},"_links":{"self":[{"href":"https:\/\/ardeos.be\/nl\/wp-json\/wp\/v2\/pages\/666","targetHints":{"allow":["GET"]}}],"collection":[{"href":"https:\/\/ardeos.be\/nl\/wp-json\/wp\/v2\/pages"}],"about":[{"href":"https:\/\/ardeos.be\/nl\/wp-json\/wp\/v2\/types\/page"}],"author":[{"embeddable":true,"href":"https:\/\/ardeos.be\/nl\/wp-json\/wp\/v2\/users\/1"}],"replies":[{"embeddable":true,"href":"https:\/\/ardeos.be\/nl\/wp-json\/wp\/v2\/comments?post=666"}],"version-history":[{"count":1,"href":"https:\/\/ardeos.be\/nl\/wp-json\/wp\/v2\/pages\/666\/revisions"}],"predecessor-version":[{"id":1716,"href":"https:\/\/ardeos.be\/nl\/wp-json\/wp\/v2\/pages\/666\/revisions\/1716"}],"wp:featuredmedia":[{"embeddable":true,"href":"https:\/\/ardeos.be\/nl\/wp-json\/wp\/v2\/media\/555"}],"wp:attachment":[{"href":"https:\/\/ardeos.be\/nl\/wp-json\/wp\/v2\/media?parent=666"}],"curies":[{"name":"wp","href":"https:\/\/api.w.org\/{rel}","templated":true}]}}